{"id":47,"date":"2017-10-14T09:08:45","date_gmt":"2017-10-14T07:08:45","guid":{"rendered":"https:\/\/smartdata.tonytemplates.com\/driving-school\/?page_id=47"},"modified":"2022-03-31T22:48:47","modified_gmt":"2022-03-31T20:48:47","slug":"infos","status":"publish","type":"page","link":"https:\/\/sergio-auto-ecole.ch\/site\/infos\/","title":{"rendered":"Informations"},"content":{"rendered":"\t\t<div data-elementor-type=\"wp-page\" data-elementor-id=\"47\" class=\"elementor elementor-47\">\n\t\t\t\t\t\t<section class=\"elementor-section elementor-top-section elementor-element elementor-element-87d6a87 elementor-section-boxed elementor-section-height-default elementor-section-height-default\" data-id=\"87d6a87\" data-element_type=\"section\">\n\t\t\t\t\t\t<div class=\"elementor-container elementor-column-gap-default\">\n\t\t\t\t\t<div class=\"elementor-column elementor-col-100 elementor-top-column elementor-element elementor-element-884da35\" data-id=\"884da35\" data-element_type=\"column\">\n\t\t\t<div class=\"elementor-widget-wrap elementor-element-populated\">\n\t\t\t\t\t\t<div class=\"elementor-element elementor-element-f9b16f3 elementor-widget elementor-widget-driving_school_title\" data-id=\"f9b16f3\" data-element_type=\"widget\" data-widget_type=\"driving_school_title.default\">\n\t\t\t\t<div class=\"elementor-widget-container\">\n\t\t\t\t\t<h3 class=\"tt-title-lg text-center content_typography\">Informations<\/h3>\n\t\t\t\t\t<\/div>\n\t\t\t\t<\/div>\n\t\t\t\t\t<\/div>\n\t\t<\/div>\n\t\t\t\t\t<\/div>\n\t\t<\/section>\n\t\t\t\t<section class=\"elementor-section elementor-top-section elementor-element elementor-element-1522de8 elementor-section-stretched elementor-section-full_width elementor-section-height-default elementor-section-height-default\" data-id=\"1522de8\" data-element_type=\"section\" data-settings=\"{&quot;stretch_section&quot;:&quot;section-stretched&quot;}\">\n\t\t\t\t\t\t<div class=\"elementor-container elementor-column-gap-no\">\n\t\t\t\t\t<div class=\"elementor-column elementor-col-100 elementor-top-column elementor-element elementor-element-d3dc1e9\" data-id=\"d3dc1e9\" data-element_type=\"column\">\n\t\t\t<div class=\"elementor-widget-wrap elementor-element-populated\">\n\t\t\t\t\t\t<div class=\"elementor-element elementor-element-eb8cc92 elementor-widget elementor-widget-driving_toggle\" data-id=\"eb8cc92\" data-element_type=\"widget\" data-widget_type=\"driving_toggle.default\">\n\t\t\t\t<div class=\"elementor-widget-container\">\n\t\t\t\t\t\n\n\n\n\t\t<!-- New Design -->\n\t\t\t<div class=\"container\">\n\t\t\t\t<h1 class=\"tt-title-lg text-center title-sub-page content_typography\"><\/h1>\n\t\t\t\t<div class=\"text-center text-md \"><\/div>\n\t\t\t\t<!-- tt-accordion-box -->\n\t\t\t\t<div class=\"tt-accordion-box\">\n\t\t\t\t\t\t\t\t\t<div class=\"item active\">\n\t\t\t\t\t\t<div class=\"tt-title\">\n\t\t\t\t\t\tVotre permis en 5 points\t\t\t\t\t\t<\/div>\n\t\t\t\t\t\t<div class=\"tt-content\">\n\t\t\t\t\t\t<ul class=\"list-disc\">\n \t<li>Suivre le <b><a href=\"http:\/\/sergio-auto-ecole.ch\/site\/program\/premiers-secours\/\">cours de premier secours<\/a><\/b> (10 heures). Vous pouvez vous inscrire via le <b><a href=\"http:\/\/sergio-auto-ecole.ch\/site\/program\/premiers-secours\/\">formulaire en ligne<\/a><\/b><\/li><br>\n \t<li>Remplir le formulaire de demande de permis d\u2019\u00e9l\u00e8ve que vous pouvez obtenir en cliquant sur <b><a href=\"http:\/\/www.sergio-auto-ecole.ch\/pdf\/4_1_F_220_W_Demande_permis_eleve_conducteur.pdf\"> ce lien<\/a><\/b> (possibilit\u00e9 de la faire 2 mois avant l\u2019\u00e2ge l\u00e9gal)<\/li><br>\n \t<li>Apprendre la th\u00e9orie et passer votre examen th\u00e9orique (possibilit\u00e9 de le faire 1 mois avant l\u2019\u00e2ge l\u00e9gal)<br>Une fois l'examen r\u00e9ussi, vous obtiendrez un permis d'\u00e9l\u00e8ve<\/li><br>\n \t<li>Suivre le <b><a href=\"http:\/\/sergio-auto-ecole.ch\/site\/program\/sensibilisation\/\">cours de sensibilisation<\/a><\/b> en vous inscrivant aux dates qui vous conviennent directement <b><a href=\"http:\/\/sergio-auto-ecole.ch\/site\/program\/sensibilisation\/\">en ligne<\/b><\/a><\/li><br>\n \t<li>Pr\u00e9parez-vous \u00e0 la conduite en suivant des heures d\u2019auto-\u00e9cole et en accord avec votre moniteur et passez votre examen de conduite\n<\/li>\n<\/ul>\t\t\t\t\t\t<\/div>\n\t\t\t\t\t<\/div>\n\t\t\t\t\t\t\t\t\t<\/div>\n\t\t\t\t<!-- \/tt-accordion-box -->\n\t\t\t<\/div>\n\t\t<!-- New Design -->\n\t\t\t\t\t<\/div>\n\t\t\t\t<\/div>\n\t\t\t\t\t<\/div>\n\t\t<\/div>\n\t\t\t\t\t<\/div>\n\t\t<\/section>\n\t\t\t\t<section class=\"elementor-section elementor-top-section elementor-element elementor-element-b4b374a elementor-section-stretched elementor-section-full_width elementor-section-height-default elementor-section-height-default\" data-id=\"b4b374a\" data-element_type=\"section\" data-settings=\"{&quot;stretch_section&quot;:&quot;section-stretched&quot;}\">\n\t\t\t\t\t\t<div class=\"elementor-container elementor-column-gap-no\">\n\t\t\t\t\t<div class=\"elementor-column elementor-col-100 elementor-top-column elementor-element elementor-element-4a37c61\" data-id=\"4a37c61\" data-element_type=\"column\">\n\t\t\t<div class=\"elementor-widget-wrap elementor-element-populated\">\n\t\t\t\t\t\t<div class=\"elementor-element elementor-element-27abbf5 elementor-widget elementor-widget-promo_banner\" data-id=\"27abbf5\" data-element_type=\"widget\" data-widget_type=\"promo_banner.default\">\n\t\t\t\t<div class=\"elementor-widget-container\">\n\t\t\t\t\t\t<div class=\"tt-promo-03\">\n\t\t\t\t<div class=\"container\">\n\t\t\t\t\t<div class=\"tt-description\">\n\t\t\t\t\t\t<h2 class=\"tt-title content_typography\">Planifiez <span>vos le\u00e7ons de conduite<\/span> avec moi !<\/h2>\n\t\t\t\t\t\t<div >Prenez contact par <strong>t\u00e9l\u00e9phone<\/strong>, mais aussi via <strong><a href=\"https:\/\/api.whatsapp.com\/send?phone=+41792505225\">WhatsApp<\/a><\/strong> ou par <strong><a href=\"sms:+41792505225\">SMS<\/a><\/strong>\t\t\t\t\t\t<\/div>\n\t\t\t\t\t\t<address >\n\t\t\t\t\t\t\t079 250 52 25\t\t\t\t\t\t<\/address>\n\t\t\t\t\t\t\t\t\t\t\t<\/div>\n\t\t\t\t<\/div>\n\t\t\t<\/div>\n\t\t\t\t<\/div>\n\t\t\t\t<\/div>\n\t\t\t\t\t<\/div>\n\t\t<\/div>\n\t\t\t\t\t<\/div>\n\t\t<\/section>\n\t\t\t\t<section class=\"elementor-section elementor-top-section elementor-element elementor-element-fd621ee elementor-section-stretched elementor-section-full_width elementor-section-height-default elementor-section-height-default\" data-id=\"fd621ee\" data-element_type=\"section\" data-settings=\"{&quot;stretch_section&quot;:&quot;section-stretched&quot;}\">\n\t\t\t\t\t\t<div class=\"elementor-container elementor-column-gap-no\">\n\t\t\t\t\t<div class=\"elementor-column elementor-col-100 elementor-top-column elementor-element elementor-element-d0e2885\" data-id=\"d0e2885\" data-element_type=\"column\">\n\t\t\t<div class=\"elementor-widget-wrap elementor-element-populated\">\n\t\t\t\t\t\t<div class=\"elementor-element elementor-element-37e50d8 elementor-widget elementor-widget-how_it_work\" data-id=\"37e50d8\" data-element_type=\"widget\" data-widget_type=\"how_it_work.default\">\n\t\t\t\t<div class=\"elementor-widget-container\">\n\t\t\t\t\t\n\t\t<!-- New edition -->\n\t\t\n\t\t\t<div class=\"container\">\n\t\t\t\t<h3 class=\"tt-title-lg text-center content_typography\"><\/h3>\n\t\t\t\t<div class=\"text-center text-md max-width75\"><\/div>\n\t\t\t\t<div class=\"box-step\">\n\t\t\t\t\t<img decoding=\"async\" class=\"img-responsive\" src=\"https:\/\/sergio-auto-ecole.ch\/site\/wp-content\/uploads\/2022\/02\/Etapes.jpg\" alt=\"\">\n\t\t\t\t<\/div>\n\t\t\t<\/div>\n\t\t\t\n\t\t<!-- New edition -->\n\n\t\t\t\t<\/div>\n\t\t\t\t<\/div>\n\t\t\t\t\t<\/div>\n\t\t<\/div>\n\t\t\t\t\t<\/div>\n\t\t<\/section>\n\t\t\t\t<\/div>\n\t\t","protected":false},"excerpt":{"rendered":"<p>Informations Votre permis en 5 points Suivre le cours de premier secours (10 heures). Vous pouvez vous inscrire via le formulaire en ligne Remplir le formulaire de demande de permis d\u2019\u00e9l\u00e8ve que vous pouvez obtenir en cliquant sur ce lien (possibilit\u00e9 de la faire 2 mois avant l\u2019\u00e2ge l\u00e9gal) Apprendre la th\u00e9orie et passer votre [&hellip;]<\/p>\n","protected":false},"author":1,"featured_media":0,"parent":0,"menu_order":0,"comment_status":"closed","ping_status":"closed","template":"","meta":{"footnotes":""},"class_list":["post-47","page","type-page","status-publish","hentry"],"yoast_head":"<!-- This site is optimized with the Yoast SEO plugin v27.4 - https:\/\/yoast.com\/product\/yoast-seo-wordpress\/ -->\n<title>Informations - Sergio Auto-Ecole |\u00a0Moudon<\/title>\n<meta name=\"robots\" content=\"index, follow, max-snippet:-1, max-image-preview:large, max-video-preview:-1\" \/>\n<link rel=\"canonical\" href=\"https:\/\/sergio-auto-ecole.ch\/site\/infos\/\" \/>\n<meta property=\"og:locale\" content=\"fr_FR\" \/>\n<meta property=\"og:type\" content=\"article\" \/>\n<meta property=\"og:title\" content=\"Informations - Sergio Auto-Ecole |\u00a0Moudon\" \/>\n<meta property=\"og:description\" content=\"Informations Votre permis en 5 points Suivre le cours de premier secours (10 heures). Vous pouvez vous inscrire via le formulaire en ligne Remplir le formulaire de demande de permis d\u2019\u00e9l\u00e8ve que vous pouvez obtenir en cliquant sur ce lien (possibilit\u00e9 de la faire 2 mois avant l\u2019\u00e2ge l\u00e9gal) Apprendre la th\u00e9orie et passer votre [&hellip;]\" \/>\n<meta property=\"og:url\" content=\"https:\/\/sergio-auto-ecole.ch\/site\/infos\/\" \/>\n<meta property=\"og:site_name\" content=\"Sergio Auto-Ecole |\u00a0Moudon\" \/>\n<meta property=\"article:publisher\" content=\"https:\/\/www.facebook.com\/sergioautoecole\" \/>\n<meta property=\"article:modified_time\" content=\"2022-03-31T20:48:47+00:00\" \/>\n<meta property=\"og:image\" content=\"http:\/\/sergio-auto-ecole.ch\/site\/wp-content\/uploads\/2022\/02\/Etapes.jpg\" \/>\n<meta name=\"twitter:card\" content=\"summary_large_image\" \/>\n<meta name=\"twitter:label1\" content=\"Dur\u00e9e de lecture estim\u00e9e\" \/>\n\t<meta name=\"twitter:data1\" content=\"1 minute\" \/>\n<script type=\"application\/ld+json\" class=\"yoast-schema-graph\">{\"@context\":\"https:\\\/\\\/schema.org\",\"@graph\":[{\"@type\":\"WebPage\",\"@id\":\"https:\\\/\\\/sergio-auto-ecole.ch\\\/site\\\/infos\\\/\",\"url\":\"https:\\\/\\\/sergio-auto-ecole.ch\\\/site\\\/infos\\\/\",\"name\":\"Informations - Sergio Auto-Ecole |\u00a0Moudon\",\"isPartOf\":{\"@id\":\"https:\\\/\\\/sergio-auto-ecole.ch\\\/site\\\/#website\"},\"primaryImageOfPage\":{\"@id\":\"https:\\\/\\\/sergio-auto-ecole.ch\\\/site\\\/infos\\\/#primaryimage\"},\"image\":{\"@id\":\"https:\\\/\\\/sergio-auto-ecole.ch\\\/site\\\/infos\\\/#primaryimage\"},\"thumbnailUrl\":\"http:\\\/\\\/sergio-auto-ecole.ch\\\/site\\\/wp-content\\\/uploads\\\/2022\\\/02\\\/Etapes.jpg\",\"datePublished\":\"2017-10-14T07:08:45+00:00\",\"dateModified\":\"2022-03-31T20:48:47+00:00\",\"breadcrumb\":{\"@id\":\"https:\\\/\\\/sergio-auto-ecole.ch\\\/site\\\/infos\\\/#breadcrumb\"},\"inLanguage\":\"fr-FR\",\"potentialAction\":[{\"@type\":\"ReadAction\",\"target\":[\"https:\\\/\\\/sergio-auto-ecole.ch\\\/site\\\/infos\\\/\"]}]},{\"@type\":\"ImageObject\",\"inLanguage\":\"fr-FR\",\"@id\":\"https:\\\/\\\/sergio-auto-ecole.ch\\\/site\\\/infos\\\/#primaryimage\",\"url\":\"https:\\\/\\\/sergio-auto-ecole.ch\\\/site\\\/wp-content\\\/uploads\\\/2022\\\/02\\\/Etapes.jpg\",\"contentUrl\":\"https:\\\/\\\/sergio-auto-ecole.ch\\\/site\\\/wp-content\\\/uploads\\\/2022\\\/02\\\/Etapes.jpg\",\"width\":1165,\"height\":514},{\"@type\":\"BreadcrumbList\",\"@id\":\"https:\\\/\\\/sergio-auto-ecole.ch\\\/site\\\/infos\\\/#breadcrumb\",\"itemListElement\":[{\"@type\":\"ListItem\",\"position\":1,\"name\":\"Home\",\"item\":\"https:\\\/\\\/sergio-auto-ecole.ch\\\/site\\\/\"},{\"@type\":\"ListItem\",\"position\":2,\"name\":\"Informations\"}]},{\"@type\":\"WebSite\",\"@id\":\"https:\\\/\\\/sergio-auto-ecole.ch\\\/site\\\/#website\",\"url\":\"https:\\\/\\\/sergio-auto-ecole.ch\\\/site\\\/\",\"name\":\"Sergio Auto-Ecole |\u00a0Moudon\",\"description\":\"A votre service depuis 2003\",\"potentialAction\":[{\"@type\":\"SearchAction\",\"target\":{\"@type\":\"EntryPoint\",\"urlTemplate\":\"https:\\\/\\\/sergio-auto-ecole.ch\\\/site\\\/?s={search_term_string}\"},\"query-input\":{\"@type\":\"PropertyValueSpecification\",\"valueRequired\":true,\"valueName\":\"search_term_string\"}}],\"inLanguage\":\"fr-FR\"}]}<\/script>\n<!-- \/ Yoast SEO plugin. -->","yoast_head_json":{"title":"Informations - Sergio Auto-Ecole |\u00a0Moudon","robots":{"index":"index","follow":"follow","max-snippet":"max-snippet:-1","max-image-preview":"max-image-preview:large","max-video-preview":"max-video-preview:-1"},"canonical":"https:\/\/sergio-auto-ecole.ch\/site\/infos\/","og_locale":"fr_FR","og_type":"article","og_title":"Informations - Sergio Auto-Ecole |\u00a0Moudon","og_description":"Informations Votre permis en 5 points Suivre le cours de premier secours (10 heures). Vous pouvez vous inscrire via le formulaire en ligne Remplir le formulaire de demande de permis d\u2019\u00e9l\u00e8ve que vous pouvez obtenir en cliquant sur ce lien (possibilit\u00e9 de la faire 2 mois avant l\u2019\u00e2ge l\u00e9gal) Apprendre la th\u00e9orie et passer votre [&hellip;]","og_url":"https:\/\/sergio-auto-ecole.ch\/site\/infos\/","og_site_name":"Sergio Auto-Ecole |\u00a0Moudon","article_publisher":"https:\/\/www.facebook.com\/sergioautoecole","article_modified_time":"2022-03-31T20:48:47+00:00","og_image":[{"url":"http:\/\/sergio-auto-ecole.ch\/site\/wp-content\/uploads\/2022\/02\/Etapes.jpg","type":"","width":"","height":""}],"twitter_card":"summary_large_image","twitter_misc":{"Dur\u00e9e de lecture estim\u00e9e":"1 minute"},"schema":{"@context":"https:\/\/schema.org","@graph":[{"@type":"WebPage","@id":"https:\/\/sergio-auto-ecole.ch\/site\/infos\/","url":"https:\/\/sergio-auto-ecole.ch\/site\/infos\/","name":"Informations - Sergio Auto-Ecole |\u00a0Moudon","isPartOf":{"@id":"https:\/\/sergio-auto-ecole.ch\/site\/#website"},"primaryImageOfPage":{"@id":"https:\/\/sergio-auto-ecole.ch\/site\/infos\/#primaryimage"},"image":{"@id":"https:\/\/sergio-auto-ecole.ch\/site\/infos\/#primaryimage"},"thumbnailUrl":"http:\/\/sergio-auto-ecole.ch\/site\/wp-content\/uploads\/2022\/02\/Etapes.jpg","datePublished":"2017-10-14T07:08:45+00:00","dateModified":"2022-03-31T20:48:47+00:00","breadcrumb":{"@id":"https:\/\/sergio-auto-ecole.ch\/site\/infos\/#breadcrumb"},"inLanguage":"fr-FR","potentialAction":[{"@type":"ReadAction","target":["https:\/\/sergio-auto-ecole.ch\/site\/infos\/"]}]},{"@type":"ImageObject","inLanguage":"fr-FR","@id":"https:\/\/sergio-auto-ecole.ch\/site\/infos\/#primaryimage","url":"https:\/\/sergio-auto-ecole.ch\/site\/wp-content\/uploads\/2022\/02\/Etapes.jpg","contentUrl":"https:\/\/sergio-auto-ecole.ch\/site\/wp-content\/uploads\/2022\/02\/Etapes.jpg","width":1165,"height":514},{"@type":"BreadcrumbList","@id":"https:\/\/sergio-auto-ecole.ch\/site\/infos\/#breadcrumb","itemListElement":[{"@type":"ListItem","position":1,"name":"Home","item":"https:\/\/sergio-auto-ecole.ch\/site\/"},{"@type":"ListItem","position":2,"name":"Informations"}]},{"@type":"WebSite","@id":"https:\/\/sergio-auto-ecole.ch\/site\/#website","url":"https:\/\/sergio-auto-ecole.ch\/site\/","name":"Sergio Auto-Ecole |\u00a0Moudon","description":"A votre service depuis 2003","potentialAction":[{"@type":"SearchAction","target":{"@type":"EntryPoint","urlTemplate":"https:\/\/sergio-auto-ecole.ch\/site\/?s={search_term_string}"},"query-input":{"@type":"PropertyValueSpecification","valueRequired":true,"valueName":"search_term_string"}}],"inLanguage":"fr-FR"}]}},"_links":{"self":[{"href":"https:\/\/sergio-auto-ecole.ch\/site\/wp-json\/wp\/v2\/pages\/47","targetHints":{"allow":["GET"]}}],"collection":[{"href":"https:\/\/sergio-auto-ecole.ch\/site\/wp-json\/wp\/v2\/pages"}],"about":[{"href":"https:\/\/sergio-auto-ecole.ch\/site\/wp-json\/wp\/v2\/types\/page"}],"author":[{"embeddable":true,"href":"https:\/\/sergio-auto-ecole.ch\/site\/wp-json\/wp\/v2\/users\/1"}],"replies":[{"embeddable":true,"href":"https:\/\/sergio-auto-ecole.ch\/site\/wp-json\/wp\/v2\/comments?post=47"}],"version-history":[{"count":47,"href":"https:\/\/sergio-auto-ecole.ch\/site\/wp-json\/wp\/v2\/pages\/47\/revisions"}],"predecessor-version":[{"id":3178,"href":"https:\/\/sergio-auto-ecole.ch\/site\/wp-json\/wp\/v2\/pages\/47\/revisions\/3178"}],"wp:attachment":[{"href":"https:\/\/sergio-auto-ecole.ch\/site\/wp-json\/wp\/v2\/media?parent=47"}],"curies":[{"name":"wp","href":"https:\/\/api.w.org\/{rel}","templated":true}]}}